{"id":6478,"date":"2025-07-10T02:10:31","date_gmt":"2025-07-10T00:10:31","guid":{"rendered":"https:\/\/www.shop.aktivsocken-online.de\/shop\/produkt\/grobstricksoeckchen-mit-plueschsohle\/"},"modified":"2025-12-10T11:02:39","modified_gmt":"2025-12-10T10:02:39","slug":"grobstricksoeckchen-mit-plueschsohle","status":"publish","type":"product","link":"https:\/\/www.aktivsocken.de\/shop\/produkt\/grobstricksoeckchen-mit-plueschsohle\/","title":{"rendered":"Grobstricks\u00f6ckchen mit Pl\u00fcschsohle"},"content":{"rendered":"","protected":false},"excerpt":{"rendered":"<p>Grobstricks\u00f6ckchen mit Pl\u00fcschsohle f\u00fcr Kinder, Merinowolle kbT<\/p>\n","protected":false},"featured_media":6180,"template":"","meta":{"_acf_changed":false},"product_brand":[],"product_cat":[387],"product_tag":[],"class_list":{"0":"post-6478","1":"product","2":"type-product","3":"status-publish","4":"has-post-thumbnail","6":"product_cat-kids","7":"pa_farbe-mohnmeliert-031","8":"pa_farbe-hellgrau-040","9":"pa_groesse-15-17","10":"pa_groesse-18-20","11":"pa_groesse-21-22","12":"pa_groesse-23-24","13":"pa_groesse-25-26","14":"pa_groesse-27-28","15":"pa_groesse-29-30","16":"pa_groesse-31-32","17":"pa_groesse-33-34","18":"pa_groesse-35-36","20":"first","21":"instock","22":"taxable","23":"shipping-taxable","24":"purchasable","25":"product-type-variable"},"acf":[],"_links":{"self":[{"href":"https:\/\/www.aktivsocken.de\/shop\/wp-json\/wp\/v2\/product\/6478","targetHints":{"allow":["GET"]}}],"collection":[{"href":"https:\/\/www.aktivsocken.de\/shop\/wp-json\/wp\/v2\/product"}],"about":[{"href":"https:\/\/www.aktivsocken.de\/shop\/wp-json\/wp\/v2\/types\/product"}],"wp:featuredmedia":[{"embeddable":true,"href":"https:\/\/www.aktivsocken.de\/shop\/wp-json\/wp\/v2\/media\/6180"}],"wp:attachment":[{"href":"https:\/\/www.aktivsocken.de\/shop\/wp-json\/wp\/v2\/media?parent=6478"}],"wp:term":[{"taxonomy":"product_brand","embeddable":true,"href":"https:\/\/www.aktivsocken.de\/shop\/wp-json\/wp\/v2\/product_brand?post=6478"},{"taxonomy":"product_cat","embeddable":true,"href":"https:\/\/www.aktivsocken.de\/shop\/wp-json\/wp\/v2\/product_cat?post=6478"},{"taxonomy":"product_tag","embeddable":true,"href":"https:\/\/www.aktivsocken.de\/shop\/wp-json\/wp\/v2\/product_tag?post=6478"}],"curies":[{"name":"wp","href":"https:\/\/api.w.org\/{rel}","templated":true}]}}