{"id":864,"date":"2023-01-24T15:05:25","date_gmt":"2023-01-24T14:05:25","guid":{"rendered":"https:\/\/dev.everpress.everapps.dev\/?page_id=864"},"modified":"2025-07-22T08:58:36","modified_gmt":"2025-07-22T06:58:36","slug":"startseite-2","status":"publish","type":"page","link":"https:\/\/www.aktivsocken.de\/shop\/","title":{"rendered":"Startseite"},"content":{"rendered":"\n\t<div class=\"ep-content-dynamic  bg-light space \"><div class=\"row   default-start default-top\"><h2 class=\"col align-center\">Unsere Produkte  <span class=\"subline\">Qualit\u00e4t, die \u00fcberzeugt<\/span><\/h2><div class=\"col small-6 medium-4 \"><a class=\"ep_indiv_teaserContainer \" href=\"\/shop\/produkt-kategorie\/home-wellness\/\" title=\"Home \/  Wellness\"><img decoding=\"async\" class=\"non-fluid\" style=\"aspect-ratio: 1.5 \/ 1\" loading=\"lazy\" alt=\"Drei Paar Wanderschuhe mit Wollsocken auf einem Baumstumpf im Wald\" title=\"Drei Paar Wanderschuhe mit Wollsocken auf einem Baumstumpf im Wald\" src=\"https:\/\/www.aktivsocken.de\/shop\/wp-content\/uploads\/2025\/07\/schuh-1.jpg\"><p>Home \/ Wellness<\/p>\n<p>Verw\u00f6hne deine F\u00fc\u00dfe: Entdecke unsere <strong>kuscheligen Socken<\/strong> f\u00fcr pure Wohlf\u00fchlmomente zu Hause und bei jedem Wellness-Abenteuer.<\/p>\n<\/a><\/div><div class=\"col small-6 medium-4 \"><a class=\"ep_indiv_teaserContainer \" href=\"\/shop\/produkt-kategorie\/business-casual\/\" title=\"Business \/ Casual\"><img decoding=\"async\" class=\"non-fluid\" style=\"aspect-ratio: 1.37 \/ 1\" loading=\"lazy\" alt=\"Zwei Paare Hirsch Natur Strumpfhosen auf einem Jutesack: eine dunkelgr\u00fcne und eine cremefarbene\" title=\"Zwei Paare Hirsch Natur Strumpfhosen auf einem Jutesack: eine dunkelgr\u00fcne und eine cremefarbene\" src=\"https:\/\/www.aktivsocken.de\/shop\/wp-content\/uploads\/2025\/07\/socken-2.jpg\"><p>Business\/Casual<\/p>\n<p>Entdecke unsere hochwertigen Socken \u2013 die perfekte Kombination aus Komfort und Stil, ideal f\u00fcr Business und Freizeit.<\/p>\n<\/a><\/div><div class=\"col small-6 medium-4 \"><a class=\"ep_indiv_teaserContainer \" href=\"\/shop\/produkt-kategorie\/sports\/\" title=\"Sports\"><img decoding=\"async\" class=\"non-fluid\" style=\"aspect-ratio: 1.5 \/ 1\" loading=\"lazy\" alt=\"Ein Paar wei\u00dfe und ein Paar marineblaue Sportsocken von 'Hirsch Natur Soft-Sport &amp; Fitness' liegen vor einem Heuhintergrund.\" title=\"Ein Paar wei\u00dfe und ein Paar marineblaue Sportsocken von &#8218;Hirsch Natur Soft-Sport &#038; Fitness&#8216; liegen vor einem Heuhintergrund.\" src=\"https:\/\/www.aktivsocken.de\/shop\/wp-content\/uploads\/2025\/07\/sport-socks.jpg\"><p>Sports<\/p>\n<p>Gib alles \u2013 mit Socken, die deine Performance unterst\u00fctzen! Entdecke unsere Sportsocken f\u00fcr Komfort und Halt bei jedem Training.<\/p>\n<\/a><\/div><\/div><\/div>\n\t\n\n\n<div class=\"ep-products-teaser  bg-medium space\">\n<div class=\"row\">\n\n\t\n\t<div class=\"col ep-title-container\"><h2>Unsere aktuellen Produkte &#8211;  <span class=\"subline\">werden Sie jetzt f\u00fcndig<\/span><\/h2><a title=\"Socken online kaufen | Gro\u00dfe Auswahl an Aktivsocken \u2013 aktivsocken.de\" class=\"btn weight-bold icon icon-after-arrow-right margin-bottom\" target=\"_self\" href=\"https:\/\/www.aktivsocken.de\/shop\/uebersicht\/\">Unseren Shop ansehen<\/a><\/div>\n\n\t<div class=\"col\">\n\t\t<ul class=\"ep-teaser-tiles products margin-bottom \"><li class=\"product type-product post-7874 status-publish first instock product_cat-kids has-post-thumbnail taxable shipping-taxable purchasable product-type-variable has-product-safety-information\">\n\t<a title=\"Baumwollgrobstricks\u00f6ckchen - aktivsocken.de | aktivsocken.de\" href=\"https:\/\/www.aktivsocken.de\/shop\/produkt\/baumwollgrobstricksoeckchen\/\" class=\"woocommerce-LoopProduct-link woocommerce-loop-product__link\" aria-label=\"Produkt \u00f6ffnen \u2013 Baumwollgrobstricks\u00f6ckchen\" data-tooltip=\"focus\"><\/a><img loading=\"lazy\" decoding=\"async\" width=\"450\" height=\"450\" src=\"https:\/\/www.aktivsocken.de\/shop\/wp-content\/uploads\/2025\/07\/760-450x450.jpg\" class=\"attachment-woocommerce_thumbnail size-woocommerce_thumbnail\" alt=\"Baumwollgrobstricks\u00f6ckchen\" srcset=\"https:\/\/www.aktivsocken.de\/shop\/wp-content\/uploads\/2025\/07\/760-450x450.jpg 450w, https:\/\/www.aktivsocken.de\/shop\/wp-content\/uploads\/2025\/07\/760-100x100.jpg 100w\" sizes=\"auto, (max-width: 450px) 100vw, 450px\" \/><h2 class=\"woocommerce-loop-product__title\">Baumwollgrobstricks\u00f6ckchen<\/h2><div class=\"category_product_sku\">Artikelnummer: 760<\/div>\n\t<span class=\"price\"><span class=\"woocommerce-Price-amount amount\"><bdi>7,50&nbsp;<span class=\"woocommerce-Price-currencySymbol\">&euro;<\/span><\/bdi><\/span><\/span>\n\n<div class=\"product-info-container\"><\/div><div class=\"mark-container\"><mark class=\"mark-link\"><a href=\"https:\/\/www.aktivsocken.de\/shop\/produkt-kategorie\/kids\/\" title=\"Gehe zu Kids\">Kids<\/a><\/mark><\/div><a class=\"btn\" tabindex=\"0\" title=\"Zur Wunschliste hinzuf\u00fcgen\" data-text-add=\"Zur Wunschliste hinzuf\u00fcgen\" data-text-remove=\"Entfernen\" data-wishlist=\"7874\">Zur Wunschliste hinzuf\u00fcgen<\/a>\n\t<p class=\"price price-unit smaller wc-gzd-additional-info wc-gzd-additional-info-loop\"><span class=\"woocommerce-Price-amount amount\">7,50&nbsp;<span class=\"woocommerce-Price-currencySymbol\">&euro;<\/span><\/span> \/  <span class=\"unit\">Paar<\/span><\/p>\n\n\n\t<p class=\"wc-gzd-additional-info wc-gzd-additional-info-loop tax-info\">inkl. MwSt.<\/p>\n\n\t<p class=\"wc-gzd-additional-info wc-gzd-additional-info-loop shipping-costs-info\">zzgl. <a href=\"https:\/\/www.aktivsocken.de\/shop\/versandarten\/\" target=\"_blank\">Versandkosten<\/a><\/p>\n\n\n\t<p class=\"wc-gzd-additional-info wc-gzd-additional-info-loop product-units-wrapper product-units\">Produkt enth\u00e4lt: 1 <span class=\"unit\">Paar<\/span><\/p>\n<a href=\"https:\/\/www.aktivsocken.de\/shop\/produkt\/baumwollgrobstricksoeckchen\/\" aria-describedby=\"woocommerce_loop_add_to_cart_link_describedby_7874\" data-quantity=\"1\" class=\"button product_type_variable add_to_cart_button\" data-product_id=\"7874\" data-product_sku=\"760\" aria-label=\"W\u00e4hlen Sie die Optionen f\u00fcr \u201eBaumwollgrobstricks\u00f6ckchen\u201c\" rel=\"nofollow\" data-product-name=\"Baumwollgrobstricks\u00f6ckchen\" title=\"Variante ausw\u00e4hlen\">Variante ausw\u00e4hlen<\/a>\t<span id=\"woocommerce_loop_add_to_cart_link_describedby_7874\" class=\"screen-reader-text\">\n\t\tDieses Produkt weist mehrere Varianten auf. Die Optionen k\u00f6nnen auf der Produktseite gew\u00e4hlt werden\t<\/span>\n<\/li>\n<li class=\"product type-product post-7331 status-publish instock product_cat-home-wellness has-post-thumbnail taxable shipping-taxable purchasable product-type-variable has-product-safety-information\">\n\t<a title=\"Norwegersocke - aktivsocken.de | aktivsocken.de\" href=\"https:\/\/www.aktivsocken.de\/shop\/produkt\/norwegersocke\/\" class=\"woocommerce-LoopProduct-link woocommerce-loop-product__link\" aria-label=\"Produkt \u00f6ffnen \u2013 Norwegersocke\" data-tooltip=\"focus\"><\/a><img loading=\"lazy\" decoding=\"async\" width=\"450\" height=\"450\" src=\"https:\/\/www.aktivsocken.de\/shop\/wp-content\/uploads\/2025\/07\/196-48-450x450.jpg\" class=\"attachment-woocommerce_thumbnail size-woocommerce_thumbnail\" alt=\"Norwegersocke\" srcset=\"https:\/\/www.aktivsocken.de\/shop\/wp-content\/uploads\/2025\/07\/196-48-450x450.jpg 450w, https:\/\/www.aktivsocken.de\/shop\/wp-content\/uploads\/2025\/07\/196-48-100x100.jpg 100w\" sizes=\"auto, (max-width: 450px) 100vw, 450px\" \/><h2 class=\"woocommerce-loop-product__title\">Norwegersocke<\/h2><div class=\"category_product_sku\">Artikelnummer: 196<\/div>\n\t<span class=\"price\"><span class=\"woocommerce-Price-amount amount\"><bdi>16,00&nbsp;<span class=\"woocommerce-Price-currencySymbol\">&euro;<\/span><\/bdi><\/span><\/span>\n\n<div class=\"product-info-container\"><\/div><div class=\"mark-container\"><mark class=\"mark-link\"><a href=\"https:\/\/www.aktivsocken.de\/shop\/produkt-kategorie\/home-wellness\/\" title=\"Gehe zu Home\/Wellness\">Home\/Wellness<\/a><\/mark><\/div><a class=\"btn\" tabindex=\"0\" title=\"Zur Wunschliste hinzuf\u00fcgen\" data-text-add=\"Zur Wunschliste hinzuf\u00fcgen\" data-text-remove=\"Entfernen\" data-wishlist=\"7331\">Zur Wunschliste hinzuf\u00fcgen<\/a>\n\t<p class=\"price price-unit smaller wc-gzd-additional-info wc-gzd-additional-info-loop\"><span class=\"woocommerce-Price-amount amount\">16,00&nbsp;<span class=\"woocommerce-Price-currencySymbol\">&euro;<\/span><\/span> \/  <span class=\"unit\">Paar<\/span><\/p>\n\n\n\t<p class=\"wc-gzd-additional-info wc-gzd-additional-info-loop tax-info\">inkl. MwSt.<\/p>\n\n\t<p class=\"wc-gzd-additional-info wc-gzd-additional-info-loop shipping-costs-info\">zzgl. <a href=\"https:\/\/www.aktivsocken.de\/shop\/versandarten\/\" target=\"_blank\">Versandkosten<\/a><\/p>\n\n\n\t<p class=\"wc-gzd-additional-info wc-gzd-additional-info-loop product-units-wrapper product-units\">Produkt enth\u00e4lt: 1 <span class=\"unit\">Paar<\/span><\/p>\n<a href=\"https:\/\/www.aktivsocken.de\/shop\/produkt\/norwegersocke\/\" aria-describedby=\"woocommerce_loop_add_to_cart_link_describedby_7331\" data-quantity=\"1\" class=\"button product_type_variable add_to_cart_button\" data-product_id=\"7331\" data-product_sku=\"196\" aria-label=\"W\u00e4hlen Sie die Optionen f\u00fcr \u201eNorwegersocke\u201c\" rel=\"nofollow\" data-product-name=\"Norwegersocke\" title=\"Variante ausw\u00e4hlen\">Variante ausw\u00e4hlen<\/a>\t<span id=\"woocommerce_loop_add_to_cart_link_describedby_7331\" class=\"screen-reader-text\">\n\t\tDieses Produkt weist mehrere Varianten auf. Die Optionen k\u00f6nnen auf der Produktseite gew\u00e4hlt werden\t<\/span>\n<\/li>\n<li class=\"product type-product post-6667 status-publish last instock product_cat-home-wellness has-post-thumbnail taxable shipping-taxable purchasable product-type-variable has-product-safety-information\">\n\t<a title=\"Kniestrumpf feinstrick - aktivsocken.de | aktivsocken.de\" href=\"https:\/\/www.aktivsocken.de\/shop\/produkt\/kniestrumpf-feinstrick\/\" class=\"woocommerce-LoopProduct-link woocommerce-loop-product__link\" aria-label=\"Produkt \u00f6ffnen \u2013 Kniestrumpf feinstrick\" data-tooltip=\"focus\"><\/a><img loading=\"lazy\" decoding=\"async\" width=\"450\" height=\"450\" src=\"https:\/\/www.aktivsocken.de\/shop\/wp-content\/uploads\/2025\/07\/044-07-450x450.jpg\" class=\"attachment-woocommerce_thumbnail size-woocommerce_thumbnail\" alt=\"Kniestrumpf feinstrick\" srcset=\"https:\/\/www.aktivsocken.de\/shop\/wp-content\/uploads\/2025\/07\/044-07-450x450.jpg 450w, https:\/\/www.aktivsocken.de\/shop\/wp-content\/uploads\/2025\/07\/044-07-100x100.jpg 100w\" sizes=\"auto, (max-width: 450px) 100vw, 450px\" \/><h2 class=\"woocommerce-loop-product__title\">Kniestrumpf feinstrick<\/h2><div class=\"category_product_sku\">Artikelnummer: 044<\/div>\n\t<span class=\"price\"><span class=\"woocommerce-Price-amount amount\"><bdi>16,00&nbsp;<span class=\"woocommerce-Price-currencySymbol\">&euro;<\/span><\/bdi><\/span><\/span>\n\n<div class=\"product-info-container\"><\/div><div class=\"mark-container\"><mark class=\"mark-link\"><a href=\"https:\/\/www.aktivsocken.de\/shop\/produkt-kategorie\/home-wellness\/\" title=\"Gehe zu Home\/Wellness\">Home\/Wellness<\/a><\/mark><\/div><a class=\"btn\" tabindex=\"0\" title=\"Zur Wunschliste hinzuf\u00fcgen\" data-text-add=\"Zur Wunschliste hinzuf\u00fcgen\" data-text-remove=\"Entfernen\" data-wishlist=\"6667\">Zur Wunschliste hinzuf\u00fcgen<\/a>\n\t<p class=\"price price-unit smaller wc-gzd-additional-info wc-gzd-additional-info-loop\"><span class=\"woocommerce-Price-amount amount\">16,00&nbsp;<span class=\"woocommerce-Price-currencySymbol\">&euro;<\/span><\/span> \/  <span class=\"unit\">Paar<\/span><\/p>\n\n\n\t<p class=\"wc-gzd-additional-info wc-gzd-additional-info-loop tax-info\">inkl. MwSt.<\/p>\n\n\t<p class=\"wc-gzd-additional-info wc-gzd-additional-info-loop shipping-costs-info\">zzgl. <a href=\"https:\/\/www.aktivsocken.de\/shop\/versandarten\/\" target=\"_blank\">Versandkosten<\/a><\/p>\n\n\t<p class=\"wc-gzd-additional-info delivery-time-info wc-gzd-additional-info-loop\"><span class=\"delivery-time-inner delivery-time-5-werktage\">Lieferzeit: <span class=\"delivery-time-data\">5 Werktage<\/span><\/span><\/p>\n\n\t<p class=\"wc-gzd-additional-info wc-gzd-additional-info-loop product-units-wrapper product-units\">Produkt enth\u00e4lt: 1 <span class=\"unit\">Paar<\/span><\/p>\n<a href=\"https:\/\/www.aktivsocken.de\/shop\/produkt\/kniestrumpf-feinstrick\/\" aria-describedby=\"woocommerce_loop_add_to_cart_link_describedby_6667\" data-quantity=\"1\" class=\"button product_type_variable add_to_cart_button\" data-product_id=\"6667\" data-product_sku=\"044\" aria-label=\"W\u00e4hlen Sie die Optionen f\u00fcr \u201eKniestrumpf feinstrick\u201c\" rel=\"nofollow\" data-product-name=\"Kniestrumpf feinstrick\" title=\"Variante ausw\u00e4hlen\">Variante ausw\u00e4hlen<\/a>\t<span id=\"woocommerce_loop_add_to_cart_link_describedby_6667\" class=\"screen-reader-text\">\n\t\tDieses Produkt weist mehrere Varianten auf. Die Optionen k\u00f6nnen auf der Produktseite gew\u00e4hlt werden\t<\/span>\n<\/li>\n<\/ul><\/div>\n\n<\/div>\n<\/div>\n\n\t\n\n\n\t<div class=\"ep-content-dynamic  bg-light space \"><div class=\"row   default-between default-middle\"><div class=\"col medium-6 large-5 giant-4 \"><div class=\"box box-big\"><p>Nat\u00fcrlichkeit trifft Qualit\u00e4t \u2013 bei uns stehen nachhaltige Materialien im Mittelpunkt. Unsere Str\u00fcmpfe\u00a0<strong>stammen ausschlie\u00dflich aus der Produktion von Hirsch Natur<\/strong>, einem traditionsreichen Familienbetrieb. Verarbeitet werden\u00a0<strong>nur Naturfasern wie Bio-Schurwolle, Baumwolle aus \u00f6kologischem Anbau sowie Bambus und Leinen<\/strong>.<\/p>\n<p>Die Produktion erfolgt unter\u00a0<strong>strengen \u00f6kologischen Standards<\/strong>. Ein Gro\u00dfteil unseres Sortiments ist\u00a0<strong>GOTS-zertifiziert<\/strong>\u00a0und vereint Verantwortung mit Tragekomfort.<\/p>\n<div class=\"buttonContainer\"><a class=\"btn \" href=\"https:\/\/www.shop.aktivsocken-online.de\/shop\/uebersicht\/\" title=\"Hier geht es zu unseren Produkten\" >Hier geht es zu unseren Produkten<\/a><\/div><\/div><\/div><div class=\"col medium-6 large-7 \"><div class=\"cms-article\">\n<h2><strong>Entdecken Sie unsere Kategorien<\/strong><\/h2>\n<\/div>\n<div class=\"cms-article\">\n<p><a href=\"\/shop\/produkt-kategorie\/sports\/\"><strong>Sport<\/strong><\/a><br \/>\nLeistungsstark und atmungsaktiv \u2013 unsere Sportstr\u00fcmpfe aus Naturfasern begleiten Sie zuverl\u00e4ssig bei jeder Bewegung.<\/p>\n<\/div>\n<div class=\"cms-article\">\n<p><a href=\"\/shop\/produkt-kategorie\/business-casual\/\"><strong>Business und Casual<\/strong><\/a><br \/>\nElegant im Alltag \u2013 stilvolle Str\u00fcmpfe aus nachhaltigen Materialien f\u00fcr B\u00fcro und Freizeit.<\/p>\n<\/div>\n<div class=\"cms-article\">\n<p><a href=\"\/shop\/produkt-kategorie\/home-wellness\/\"><strong>Home und Wellness<\/strong><\/a><br \/>\nF\u00fcr entspannte Momente \u2013 kuschelige Str\u00fcmpfe, die W\u00e4rme und Wohlbefinden schenken.<\/p>\n<\/div>\n<div class=\"cms-article\">\n<p><a href=\"\/shop\/produkt-kategorie\/kids\/\"><strong>Kids<\/strong><\/a><br \/>\nF\u00fcr kleine F\u00fc\u00dfe nur das Beste \u2013 weiche, hautfreundliche Str\u00fcmpfe f\u00fcr Kinder aus nat\u00fcrlichen Rohstoffen.<\/p>\n<\/div>\n<div class=\"cms-article\">\n<p><a href=\"\/shop\/produkt-kategorie\/aktionsprodukte\/\"><strong>Aktionsprodukte<\/strong><\/a><br \/>\nNachhaltig sparen \u2013 ausgew\u00e4hlte Modelle aus reinen Naturfasern zu attraktiven Aktionspreisen.<\/p>\n<\/div>\n<\/div><\/div><\/div>\n\t","protected":false},"excerpt":{"rendered":"","protected":false},"author":1,"featured_media":0,"parent":0,"menu_order":0,"comment_status":"closed","ping_status":"closed","template":"","meta":{"_acf_changed":false,"footnotes":""},"class_list":["post-864","page","type-page","status-publish","hentry"],"acf":[],"_links":{"self":[{"href":"https:\/\/www.aktivsocken.de\/shop\/wp-json\/wp\/v2\/pages\/864","targetHints":{"allow":["GET"]}}],"collection":[{"href":"https:\/\/www.aktivsocken.de\/shop\/wp-json\/wp\/v2\/pages"}],"about":[{"href":"https:\/\/www.aktivsocken.de\/shop\/wp-json\/wp\/v2\/types\/page"}],"author":[{"embeddable":true,"href":"https:\/\/www.aktivsocken.de\/shop\/wp-json\/wp\/v2\/users\/1"}],"replies":[{"embeddable":true,"href":"https:\/\/www.aktivsocken.de\/shop\/wp-json\/wp\/v2\/comments?post=864"}],"version-history":[{"count":4,"href":"https:\/\/www.aktivsocken.de\/shop\/wp-json\/wp\/v2\/pages\/864\/revisions"}],"predecessor-version":[{"id":10296,"href":"https:\/\/www.aktivsocken.de\/shop\/wp-json\/wp\/v2\/pages\/864\/revisions\/10296"}],"wp:attachment":[{"href":"https:\/\/www.aktivsocken.de\/shop\/wp-json\/wp\/v2\/media?parent=864"}],"curies":[{"name":"wp","href":"https:\/\/api.w.org\/{rel}","templated":true}]}}